{"id":20457,"date":"2022-03-08T14:29:20","date_gmt":"2022-03-08T14:29:20","guid":{"rendered":"http:\/\/gbmcablaggi.it\/?page_id=20457"},"modified":"2022-03-08T14:58:24","modified_gmt":"2022-03-08T14:58:24","slug":"certificazioni-3","status":"publish","type":"page","link":"https:\/\/www.gbmcablaggi.it\/it\/certificazioni-3\/","title":{"rendered":"Certificazioni + Ambiente"},"content":{"rendered":"<div class=\"wpb-content-wrapper\"><p>[vc_row margin_top=&#8221;-50&#8243; full_width=&#8221;true&#8221; bg_type=&#8221;image&#8221; parallax_style=&#8221;vcpb-default&#8221; bg_image_new=&#8221;19689|http:\/\/gbmcablaggi.it\/wp-content\/uploads\/2015\/10\/gbm_banner_home_1-e1445258350185.jpg&#8221; bg_image_repeat=&#8221;no-repeat&#8221; bg_override=&#8221;full&#8221; min_height=&#8221;50%&#8221;][vc_column][vc_column_text]<br \/>\n[\/vc_column_text][\/vc_column][\/vc_row][vc_row full_width=&#8221;true&#8221; bg_type=&#8221;bg_color&#8221; bg_color_value=&#8221;#c31a1f&#8221; min_height=&#8221;0&#8243;][vc_column][vc_column_text css=&#8221;.vc_custom_1444922226539{padding-top: 1% !important;padding-bottom: 1% !important;}&#8221;]<\/p>\n<h1 style=\"text-align: center;\"><span style=\"color: #ffffff;\">CERTIFICAZIONI<\/span><\/h1>\n<p>[\/vc_column_text][\/vc_column][\/vc_row][vc_row bg_type=&#8221;bg_color&#8221; bg_override=&#8221;full&#8221; seperator_enable=&#8221;seperator_enable_value&#8221; seperator_type=&#8221;triangle_svg_seperator&#8221; seperator_shape_background=&#8221;#c31a1f&#8221; bg_color_value=&#8221;#eeeeee&#8221;][vc_column][vc_column_text]<br \/>\n[\/vc_column_text][vc_empty_space height=&#8221;60px&#8221;][vc_column_text css=&#8221;.vc_custom_1447840424896{padding-top: 4% !important;padding-bottom: 10% !important;}&#8221;]<\/p>\n<p style=\"text-align: justify;\">Allo scopo di tenere costantemente monitorato il sistema organizzativo dell\u2019azienda e offrire ai propri clienti prodotti certificati secondo i principali standard di sicurezza e qualit\u00e0, Gbm si \u00e8 impegnata per ottenere le pi\u00f9 importanti certificazioni riconosciute a livello internazionale per la propria produzione.<\/p>\n<p>[\/vc_column_text][vc_column_text]<br \/>\n[\/vc_column_text][\/vc_column][\/vc_row][vc_row bg_type=&#8221;bg_color&#8221; seperator_enable=&#8221;seperator_enable_value&#8221; seperator_type=&#8221;triangle_svg_seperator&#8221; seperator_shape_background=&#8221;#eeeeee&#8221; bg_color_value=&#8221;#ffffff&#8221;][vc_column width=&#8221;1\/2&#8243;][vc_empty_space height=&#8221;100px&#8221;][vc_column_text]<\/p>\n<h3><span style=\"color: #c31a1f;\">Qualit\u00e0<\/span><\/h3>\n<p>[\/vc_column_text][vc_column_text css=&#8221;.vc_custom_1476431613231{padding-top: 5% !important;padding-right: 5% !important;padding-bottom: 5% !important;}&#8221;]<\/p>\n<p style=\"text-align: justify;\"><ul class=\"standard-arrow list-divider bullet-top\"><li><p>CERTIFICAZIONE ISO 9001<\/p>\n<p style=\"text-align: justify;\">Gbm ha dato vita al proprio interno a un sistema organizzativo i cui requisiti rispettano pienamente quanto richiesto dalla norma ISO 9001.<\/p>\n<p style=\"text-align: justify;\"><em>Per scaricare il certificato ISO 9001 di Gbm, <a href=\"http:\/\/gbmcablaggi.it\/wp-content\/uploads\/2015\/11\/Certificato-CSQ_IQNET.pdf\" target=\"_blank\" rel=\"noopener noreferrer\">clicca qui.<\/a><\/em><\/p>\n<p style=\"text-align: justify;\"><em>Per scaricare la politica della qualit\u00e0\u00a0di Gbm,\u00a0<a href=\"http:\/\/gbmcablaggi.it\/wp-content\/uploads\/2015\/10\/Politica-Qualita-Ambiente-Sicurezza_IT.pdf\" target=\"_blank\" rel=\"noopener noreferrer\">clicca qui<\/a>.<\/em><\/p>\n<p style=\"text-align: justify;\">\n<\/li><\/ul><\/p>\n<p>[\/vc_column_text][vc_column_text]<br \/>\n[\/vc_column_text][\/vc_column][vc_column width=&#8221;1\/2&#8243;][vc_empty_space height=&#8221;100px&#8221;][vc_single_image image=&#8221;20260&#8243; img_size=&#8221;large&#8221; alignment=&#8221;center&#8221; css=&#8221;.vc_custom_1447933232659{padding-top: 5% !important;}&#8221;][vc_empty_space height=&#8221;100px&#8221;][vc_column_text]<br \/>\n[\/vc_column_text][\/vc_column][\/vc_row][vc_row bg_type=&#8221;bg_color&#8221; bg_color_value=&#8221;#ffffff&#8221;][vc_column width=&#8221;1\/2&#8243;][vc_column_text css=&#8221;.vc_custom_1447843945556{padding-top: 5% !important;padding-right: 5% !important;padding-bottom: 5% !important;}&#8221;]<\/p>\n<p style=\"text-align: justify;\"><ul class=\"standard-arrow list-divider bullet-top\"><li><p>CERTIFICAZIONE UL<\/p>\n<p style=\"text-align: justify;\">Per offrire maggiore sicurezza ai clienti che esportano nel mercato americano e canadese, Gbm ha recentemente ottenuto la certificazione UL. Tale riconoscimento garantisce al cliente l&#8217;impiego di materie prime certificate UL, facilitandolo\u00a0nell&#8217;omologazione del proprio prodotto.<\/p>\n<p style=\"text-align: justify;\"><em>Per scaricare il certificato UL di Gbm, <a href=\"http:\/\/gbmcablaggi.it\/wp-content\/uploads\/2015\/10\/Certificate-of-compliance.pdf\" target=\"_blank\" rel=\"noopener noreferrer\">clicca qui.<\/a><\/em><\/p>\n<p style=\"text-align: justify;\">\n<\/li><\/ul><\/p>\n<p>[\/vc_column_text][vc_column_text]<br \/>\n[\/vc_column_text][\/vc_column][vc_column width=&#8221;1\/2&#8243;][vc_single_image image=&#8221;20181&#8243; img_size=&#8221;large&#8221; alignment=&#8221;center&#8221; css=&#8221;.vc_custom_1447844259569{padding-top: 5% !important;}&#8221;][vc_empty_space height=&#8221;100px&#8221;][vc_column_text]<br \/>\n[\/vc_column_text][\/vc_column][\/vc_row][vc_row bg_type=&#8221;bg_color&#8221; bg_override=&#8221;full&#8221; seperator_enable=&#8221;seperator_enable_value&#8221; seperator_type=&#8221;triangle_svg_seperator&#8221; seperator_shape_background=&#8221;#ffffff&#8221; bg_color_value=&#8221;#eeeeee&#8221;][vc_column width=&#8221;1\/2&#8243;][vc_empty_space height=&#8221;100px&#8221;][vc_column_text]<\/p>\n<h3><span style=\"color: #c31a1f;\">Ambiente<\/span><\/h3>\n<p>[\/vc_column_text][vc_column_text css=&#8221;.vc_custom_1476431700622{padding-top: 5% !important;padding-right: 5% !important;padding-bottom: 5% !important;}&#8221;]<\/p>\n<p style=\"text-align: justify;\">Gbm \u00e8 da lungo tempo certificata secondo lo standard ISO 14001 (UNI EN ISO 14001). L\u2019azienda ha deciso di attuare e mantenere un sistema di gestione ambientale che le permette di operare secondo le regole e i requisiti contenuti nella norma, riuscendo non solo a tenere sotto controllo gli impatti ambientali delle proprie attivit\u00e0, ma anche a ricercarne sistematicamente il miglioramento.<\/p>\n<p style=\"text-align: justify;\"><em>Per scaricare il certificato ISO 14001 di Gbm, <a href=\"http:\/\/gbmcablaggi.it\/wp-content\/uploads\/2015\/11\/gbm-cablaggi-certificazione-CSQ_IQNET_Ambiente.pdf\" target=\"_blank\" rel=\"noopener noreferrer\">clicca qui.<\/a><\/em><\/p>\n<p style=\"text-align: justify;\"><em>Per scaricare la politica ambientale di Gbm,\u00a0<a href=\"http:\/\/gbmcablaggi.it\/wp-content\/uploads\/2015\/10\/Politica-Qualita-Ambiente-Sicurezza_IT.pdf\">clicca qui<\/a>.<\/em><\/p>\n<p>[\/vc_column_text][vc_column_text]<br \/>\n[\/vc_column_text][\/vc_column][vc_column width=&#8221;1\/2&#8243;][vc_empty_space height=&#8221;100px&#8221;][vc_single_image image=&#8221;20048&#8243; img_size=&#8221;large&#8221; alignment=&#8221;center&#8221; css=&#8221;.vc_custom_1446205270579{padding-top: 5% !important;}&#8221;][vc_empty_space height=&#8221;50px&#8221;][vc_column_text]<br \/>\n[\/vc_column_text][\/vc_column][\/vc_row][vc_row bg_type=&#8221;bg_color&#8221; seperator_enable=&#8221;seperator_enable_value&#8221; seperator_type=&#8221;triangle_svg_seperator&#8221; seperator_shape_background=&#8221;#eeeeee&#8221; bg_color_value=&#8221;#ffffff&#8221;][vc_column width=&#8221;1\/2&#8243;][vc_empty_space height=&#8221;100px&#8221;][vc_column_text]<\/p>\n<h3><span style=\"color: #c31a1f;\">Sicurezza<\/span><\/h3>\n<p>[\/vc_column_text][vc_column_text css=&#8221;.vc_custom_1476431744799{padding-top: 5% !important;padding-right: 5% !important;padding-bottom: 5% !important;}&#8221;]<\/p>\n<p style=\"text-align: justify;\">Allo scopo di migliorare l\u2019ambiente di lavoro e tenere costantemente monitorato lo stato di sviluppo dello stesso, Gbm si impegna ad applicare e migliorare con continuit\u00e0 un Sistema di Gestione della Salute e Sicurezza sul lavoro.<\/p>\n<p style=\"text-align: justify;\"><em>Per scaricare il certificato BS HOCSAS\u00a018001:2007, <a href=\"http:\/\/gbmcablaggi.it\/wp-content\/uploads\/2016\/02\/CSQ-IQNET.pdf\" target=\"_blank\" rel=\"noopener noreferrer\">clicca qui.<\/a><\/em><\/p>\n<p style=\"text-align: justify;\"><em>Per consultare il documento di Politica per la Salute e Sicurezza sul Lavoro di Gbm, <a href=\"http:\/\/gbmcablaggi.it\/wp-content\/uploads\/2015\/10\/Politica-Qualita-Ambiente-Sicurezza_IT.pdf\">clicca qui<\/a>.<\/em><\/p>\n<p>[\/vc_column_text][vc_column_text]<br \/>\n[\/vc_column_text][\/vc_column][vc_column width=&#8221;1\/2&#8243;][vc_empty_space height=&#8221;100px&#8221;][vc_single_image image=&#8221;20404&#8243; img_size=&#8221;large&#8221; alignment=&#8221;center&#8221; css=&#8221;.vc_custom_1455727141454{padding-top: 5% !important;}&#8221;][vc_empty_space height=&#8221;50px&#8221;][vc_column_text]<br \/>\n[\/vc_column_text][\/vc_column][\/vc_row][vc_row margin_bottom=&#8221;-50&#8243; bg_type=&#8221;bg_color&#8221; bg_override=&#8221;full&#8221; seperator_enable=&#8221;seperator_enable_value&#8221; seperator_type=&#8221;triangle_svg_seperator&#8221; seperator_shape_background=&#8221;#ffffff&#8221; bg_color_value=&#8221;#eeeeee&#8221;][vc_column width=&#8221;1\/2&#8243;][vc_empty_space height=&#8221;100px&#8221;][vc_column_text]<\/p>\n<h3><span style=\"color: #c31a1f;\">Adesione al CPR<\/span><\/h3>\n<p>[\/vc_column_text][vc_column_text css=&#8221;.vc_custom_1447840869088{padding-top: 5% !important;padding-right: 5% !important;padding-bottom: 5% !important;}&#8221;]<\/p>\n<p style=\"text-align: justify;\">Gbm \u00e8 stata recentemente inserita nell\u2019elenco delle aziende certificate dal CPR (Codice Italiano Pagamenti Responsabili) ideato da Assolombardia e promosso da Confindustria per la diffusione di una modalit\u00e0 pi\u00f9 etica per la gestione dei pagamenti in Italia.<\/p>\n<p>[\/vc_column_text][vc_column_text]<br \/>\n[\/vc_column_text][\/vc_column][vc_column width=&#8221;1\/2&#8243;][vc_empty_space height=&#8221;100px&#8221;][vc_single_image image=&#8221;20079&#8243; img_size=&#8221;518 \u00d7 291&#8243; css=&#8221;.vc_custom_1446225250881{margin-right: 20px !important;padding-top: 1% !important;}&#8221;][vc_empty_space height=&#8221;100px&#8221;][vc_column_text]<br \/>\n[\/vc_column_text][\/vc_column][\/vc_row]<\/p>\n<p>[vc_row full_width=&#8221;true&#8221; bg_type=&#8221;bg_color&#8221; bg_color_value=&#8221;#c31a1f&#8221; min_height=&#8221;0&#8243;{padding-top: 0px !important;}]<\/p>\n<p>[vc_column][vc_column_text css=&#8221;.vc_custom_1448981845387{padding-top: 1% !important;padding-bottom: 1% !important;}&#8221;]<\/p>\n<h1 style=\"text-align: center;\"><span style=\"color: #ffffff;\">AMBIENTE<\/span><\/h1>\n<p>[\/vc_column_text][\/vc_column][\/vc_row]<\/p>\n<p>[vc_row bg_type=&#8221;bg_color&#8221; bg_override=&#8221;full&#8221; seperator_enable=&#8221;seperator_enable_value&#8221; seperator_type=&#8221;triangle_svg_seperator&#8221; seperator_shape_background=&#8221;#c31a1f&#8221; bg_color_value=&#8221;#eeeeee&#8221;][vc_column][vc_column_text]<br \/>\n[\/vc_column_text][vc_empty_space height=&#8221;60px&#8221;][vc_column_text css=&#8221;.vc_custom_1448983251992{padding-top: 4% !important;padding-bottom: 10% !important;}&#8221;]<\/p>\n<p class=\"p1\" style=\"text-align: justify;\"><span class=\"s1\">Tutti i nostri prodotti rispondono alle Direttive Europee pi\u00f9 importanti (REACH e RoHS) e tutti i ns. fornitori ci garantiscono un monitoraggio continuo della SVHC list al fine di verificare l&#8217;eventuale presenza di sostanze che seppure permesse devono essere dichiarate. <\/span><\/p>\n<p>[\/vc_column_text][vc_column_text]<br \/>\n[\/vc_column_text][\/vc_column][\/vc_row][vc_row bg_type=&#8221;bg_color&#8221; seperator_enable=&#8221;seperator_enable_value&#8221; seperator_type=&#8221;triangle_svg_seperator&#8221; seperator_shape_background=&#8221;#eeeeee&#8221; bg_color_value=&#8221;#ffffff&#8221;][vc_column width=&#8221;1\/2&#8243; offset=&#8221;vc_hidden-md vc_hidden-sm vc_hidden-xs&#8221;][vc_empty_space height=&#8221;100px&#8221;][vc_column_text]<\/p>\n<h3><span style=\"color: #c31a1f;\">Restriction of Hazardous Substances, RoHS o Direttiva 2002\/95\/CE<\/span><\/h3>\n<p>[\/vc_column_text][vc_column_text css=&#8221;.vc_custom_1448983259720{padding-top: 5% !important;padding-right: 5% !important;padding-bottom: 5% !important;}&#8221;]<\/p>\n<p class=\"p1\" style=\"text-align: justify;\"><span class=\"s1\">Nel 2003, l&#8217;Unione Europea (UE) ha emanato la direttiva\u00a0\u201cRestrizione dell&#8217;uso di sostanze pericolose\u201d (Restriction\u00a0of\u00a0Hazardous\u00a0Substances, RoHS o Direttiva 2002\/95\/CE) .<\/span><\/p>\n<p class=\"p1\" style=\"text-align: justify;\"><span class=\"s1\">L&#8217;UE ha messo a punto questa nuova direttiva per proteggere l&#8217;ambiente e la salute delle persone che lavorano solitamente con apparecchiature elettriche ed elettroniche (EEE).<\/span><\/p>\n<p class=\"p1\" style=\"text-align: justify;\"><span class=\"s1\">Questa normativa mira a eliminare la concentrazione di determinate sostanze dalle apparecchiature elettriche ed elettroniche che rientrano all&#8217;interno dell&#8217;ambito di applicazione della direttiva. Pertanto, gli stati membri della UE devono garantire che, a partire dal\u00a01 luglio 2006, le nuove apparecchiature elettriche ed elettroniche immesse sul mercato non contengano nessuna delle sei sostanze proibite riportate di seguito:<\/span><\/p>\n<p>[\/vc_column_text]<div class=\"standard-arrow list-divider bullet-top\"><ul>\n<li>\n<p class=\"p1\"><span class=\"s1\">piombo (Pb) e suoi composti<\/span><\/p>\n<\/li>\n<li>\n<p class=\"p1\"><span class=\"s1\">mercurio (Hg)<\/span><\/p>\n<\/li>\n<li>\n<p class=\"p1\"><span class=\"s1\">cadmio VI (Cd-VI) e suoi composti<\/span><\/p>\n<\/li>\n<li>\n<p class=\"p1\"><span class=\"s1\">cromo esavalente e suoi composti<\/span><\/p>\n<\/li>\n<li>\n<p class=\"p1\"><span class=\"s1\">bifenili polibromurati (PBB)<\/span><\/p>\n<\/li>\n<li>\n<p class=\"p1\"><span class=\"s1\">polibromodifenileteri (PBDE)<\/span><\/p>\n<\/li>\n<li>\n<p class=\"p1\"><span class=\"s1\">penta, otta e deca- BDE (Bromdiphenylether)<\/span><\/p>\n<\/li>\n<\/ul>\n<\/div>[vc_empty_space height=&#8221;100px&#8221;][\/vc_column][vc_column width=&#8221;1\/2&#8243; offset=&#8221;vc_hidden-md vc_hidden-sm vc_hidden-xs&#8221;][vc_empty_space height=&#8221;100px&#8221;][vc_single_image image=&#8221;20205&#8243; img_size=&#8221;full&#8221; alignment=&#8221;center&#8221; css=&#8221;.vc_custom_1448983467170{padding-top: 5% !important;}&#8221;][vc_empty_space height=&#8221;100px&#8221;][vc_column_text]<br \/>\n[\/vc_column_text][\/vc_column][\/vc_row][vc_row bg_type=&#8221;bg_color&#8221; seperator_enable=&#8221;seperator_enable_value&#8221; seperator_type=&#8221;triangle_svg_seperator&#8221; seperator_shape_background=&#8221;#eeeeee&#8221; bg_color_value=&#8221;#ffffff&#8221;][vc_column offset=&#8221;vc_hidden-lg&#8221;][vc_empty_space height=&#8221;100px&#8221;][vc_column_text]<\/p>\n<h3><span style=\"color: #c31a1f;\">Restriction of Hazardous Substances, RoHS o Direttiva 2002\/95\/CE<\/span><\/h3>\n<p>[\/vc_column_text][vc_column_text css=&#8221;.vc_custom_1448983259720{padding-top: 5% !important;padding-right: 5% !important;padding-bottom: 5% !important;}&#8221;]<\/p>\n<p class=\"p1\" style=\"text-align: justify;\"><span class=\"s1\">Nel 2003, l&#8217;Unione Europea (UE) ha emanato la direttiva\u00a0\u201cRestrizione dell&#8217;uso di sostanze pericolose\u201d (Restriction\u00a0of\u00a0Hazardous\u00a0Substances, RoHS o Direttiva 2002\/95\/CE) .<\/span><\/p>\n<p class=\"p1\" style=\"text-align: justify;\"><span class=\"s1\">L&#8217;UE ha messo a punto questa nuova direttiva per proteggere l&#8217;ambiente e la salute delle persone che lavorano solitamente con apparecchiature elettriche ed elettroniche (EEE).<\/span><\/p>\n<p class=\"p1\" style=\"text-align: justify;\"><span class=\"s1\">Questa normativa mira a eliminare la concentrazione di determinate sostanze dalle apparecchiature elettriche ed elettroniche che rientrano all&#8217;interno dell&#8217;ambito di applicazione della direttiva. Pertanto, gli stati membri della UE devono garantire che, a partire dal\u00a01 luglio 2006, le nuove apparecchiature elettriche ed elettroniche immesse sul mercato non contengano nessuna delle sei sostanze proibite riportate di seguito:<\/span><\/p>\n<p>[\/vc_column_text]<div class=\"standard-arrow list-divider bullet-top\"><ul>\n<li>\n<p class=\"p1\"><span class=\"s1\">piombo (Pb) e suoi composti<\/span><\/p>\n<\/li>\n<li>\n<p class=\"p1\"><span class=\"s1\">mercurio (Hg)<\/span><\/p>\n<\/li>\n<li>\n<p class=\"p1\"><span class=\"s1\">cadmio VI (Cd-VI) e suoi composti<\/span><\/p>\n<\/li>\n<li>\n<p class=\"p1\"><span class=\"s1\">cromo esavalente e suoi composti<\/span><\/p>\n<\/li>\n<li>\n<p class=\"p1\"><span class=\"s1\">bifenili polibromurati (PBB)<\/span><\/p>\n<\/li>\n<li>\n<p class=\"p1\"><span class=\"s1\">polibromodifenileteri (PBDE)<\/span><\/p>\n<\/li>\n<li>\n<p class=\"p1\"><span class=\"s1\">penta, otta e deca- BDE (Bromdiphenylether)<\/span><\/p>\n<\/li>\n<\/ul>\n<\/div>[\/vc_column][\/vc_row][vc_row bg_type=&#8221;bg_color&#8221; bg_color_value=&#8221;#ffffff&#8221;][vc_column offset=&#8221;vc_hidden-lg&#8221;][vc_single_image image=&#8221;20205&#8243; img_size=&#8221;full&#8221; alignment=&#8221;center&#8221; css=&#8221;.vc_custom_1448983467170{padding-top: 5% !important;}&#8221;][vc_empty_space height=&#8221;100px&#8221;][vc_column_text]<br \/>\n[\/vc_column_text][\/vc_column][\/vc_row][vc_row margin_bottom=&#8221;-50&#8243; bg_type=&#8221;bg_color&#8221; bg_override=&#8221;full&#8221; seperator_enable=&#8221;seperator_enable_value&#8221; seperator_type=&#8221;triangle_svg_seperator&#8221; seperator_shape_background=&#8221;#ffffff&#8221; bg_color_value=&#8221;#eeeeee&#8221;][vc_column][vc_empty_space height=&#8221;100px&#8221;][vc_column_text]<\/p>\n<h3><span style=\"color: #c31a1f;\">REACH ed SVHC LIST<\/span><\/h3>\n<p>[\/vc_column_text][vc_column_text css=&#8221;.vc_custom_1448983382652{padding-top: 5% !important;padding-right: 5% !important;padding-bottom: 2% !important;}&#8221;]<\/p>\n<p class=\"p1\" style=\"text-align: justify;\"><span class=\"s1\">REACH \u00e8 l\u2019acronimo di Registrazione, Valutazione, Autorizzazione e Restrizione\u00a0delle sostanze chimiche. Il Regolamento REACH \u00e8 entrato in vigore il 1\u00b0 giugno 2007 e ha l\u2019obiettivo di razionalizzare e migliorare il precedente quadro legislativo in materia di sostanze chimiche dell&#8217;Unione europea (UE) e lo fa avvalendosi della \u201cSVHC list\u201d come strumento principale.<\/span><\/p>\n<p style=\"text-align: justify;\">Il REACH istituisce inoltre l&#8217;Agenzia europea per le sostanze chimiche (ECHA) che svolge un ruolo centrale di coordinamento e di attuazione nell&#8217;intero processo. L&#8217; ECHA ha sede a Helsinki (Finlandia) e ha il compito di gestire i processi di registrazione, valutazione, autorizzazione e restrizione delle sostanze chimiche, al fine di garantirne la coerenza in tutta l&#8217;Unione europea.<\/p>\n<p style=\"text-align: justify;\">La continua e rapida evoluzione del\u00a0REACH\u00a0(regolamento europeo concernente la registrazione, la valutazione, l&#8217;autorizzazione e la restrizione delle sostanze chimiche) prevede l&#8217;aggiornamento periodico della\u00a0Candidate List\u00a0nella quale sono elencate le\u00a0sostanze estremamente preoccupanti\u00a0( SVHC substances ).<br \/>\nLe sostanze estremamente preoccupanti (Regolamento REACH Articolo 57) comprendono tutte quelle sostanze:<\/p>\n<p>[\/vc_column_text]<div class=\"standard-number-list list-divider bullet-top\"><ul>\n<li>\n<p class=\"p1\"><span class=\"s1\">cancerogene, mutagene o tossiche per la riproduzione (CMR), classificate nella categoria 1 o 2<\/span><\/p>\n<\/li>\n<li>\n<p class=\"p1\"><span class=\"s1\">persistenti, bioaccumulabili e tossiche (PBT) o molto persistenti e molto bioaccumulabili (vPvB) in base ai criteri indicati nell&#8217;Allegato XIII del Regolamento REACH<\/span><\/p>\n<\/li>\n<li>\n<p class=\"p1\"><span class=\"s1\">per le quali sono scientificamente comprovati, caso per caso, effetti gravi per la salute umana o per l&#8217;ambiente pari a quelli descritti sopra, ad esempio perturbatori del sistema endocrino<\/span><\/p>\n<\/li>\n<\/ul>\n<\/div>[vc_column_text css=&#8221;.vc_custom_1448983363733{padding-top: 2% !important;padding-right: 5% !important;padding-bottom: 5% !important;}&#8221;]<\/p>\n<p class=\"p1\" style=\"text-align: justify;\"><span class=\"s1\">Quindi \u00e8 importante, quando si consulta una\u00a0Scheda Dati di Sicurezza (MSDS)\u00a0di un prodotto, sapere che esiste questo elenco, e avere la possibilit\u00e0 dunque di verificare se queste sostanze &#8220;estremamente preoccupanti&#8221; sono presenti.<br \/>\n<\/span><\/p>\n<p>[\/vc_column_text][vc_empty_space height=&#8221;100px&#8221;][\/vc_column][\/vc_row]<\/p>\n<\/div>","protected":false},"excerpt":{"rendered":"<p>[vc_row margin_top=&#8221;-50&#8243; full_width=&#8221;true&#8221; bg_type=&#8221;image&#8221; parallax_style=&#8221;vcpb-default&#8221; bg_image_new=&#8221;19689|http:\/\/gbmcablaggi.it\/wp-content\/uploads\/2015\/10\/gbm_banner_home_1-e1445258350185.jpg&#8221; bg_image_repeat=&#8221;no-repeat&#8221; bg_override=&#8221;full&#8221; min_height=&#8221;50%&#8221;][vc_column][vc_column_text] [\/vc_column_text][\/vc_column][\/vc_row][vc_row full_width=&#8221;true&#8221; bg_type=&#8221;bg_color&#8221; bg_color_value=&#8221;#c31a1f&#8221; min_height=&#8221;0&#8243;][vc_column][vc_column_text css=&#8221;.vc_custom_1444922226539{padding-top: 1% !important;padding-bottom: 1% !important;}&#8221;] CERTIFICAZIONI [\/vc_column_text][\/vc_column][\/vc_row][vc_row bg_type=&#8221;bg_color&#8221; bg_override=&#8221;full&#8221; seperator_enable=&#8221;seperator_enable_value&#8221; seperator_type=&#8221;triangle_svg_seperator&#8221; seperator_shape_background=&#8221;#c31a1f&#8221; bg_color_value=&#8221;#eeeeee&#8221;][vc_column][vc_column_text] [\/vc_column_text][vc_empty_space height=&#8221;60px&#8221;][vc_column_text css=&#8221;.vc_custom_1447840424896{padding-top: 4% !important;padding-bottom: 10% !important;}&#8221;] Allo scopo di tenere costantemente monitorato il sistema organizzativo dell\u2019azienda e offrire ai propri clienti prodotti certificati secondo i principali standard&hellip;<\/p>\n","protected":false},"author":2,"featured_media":0,"parent":0,"menu_order":5,"comment_status":"closed","ping_status":"closed","template":"","meta":{"footnotes":""},"class_list":["post-20457","page","type-page","status-publish","hentry","description-off"],"aioseo_notices":[],"_links":{"self":[{"href":"https:\/\/www.gbmcablaggi.it\/it\/wp-json\/wp\/v2\/pages\/20457","targetHints":{"allow":["GET"]}}],"collection":[{"href":"https:\/\/www.gbmcablaggi.it\/it\/wp-json\/wp\/v2\/pages"}],"about":[{"href":"https:\/\/www.gbmcablaggi.it\/it\/wp-json\/wp\/v2\/types\/page"}],"author":[{"embeddable":true,"href":"https:\/\/www.gbmcablaggi.it\/it\/wp-json\/wp\/v2\/users\/2"}],"replies":[{"embeddable":true,"href":"https:\/\/www.gbmcablaggi.it\/it\/wp-json\/wp\/v2\/comments?post=20457"}],"version-history":[{"count":29,"href":"https:\/\/www.gbmcablaggi.it\/it\/wp-json\/wp\/v2\/pages\/20457\/revisions"}],"predecessor-version":[{"id":20856,"href":"https:\/\/www.gbmcablaggi.it\/it\/wp-json\/wp\/v2\/pages\/20457\/revisions\/20856"}],"wp:attachment":[{"href":"https:\/\/www.gbmcablaggi.it\/it\/wp-json\/wp\/v2\/media?parent=20457"}],"curies":[{"name":"wp","href":"https:\/\/api.w.org\/{rel}","templated":true}]}}