{"id":20241,"date":"2015-11-19T10:02:18","date_gmt":"2015-11-19T10:02:18","guid":{"rendered":"http:\/\/test.gbmcablaggi.it\/?page_id=20241"},"modified":"2015-11-19T10:12:36","modified_gmt":"2015-11-19T10:12:36","slug":"cookie-policy","status":"publish","type":"page","link":"https:\/\/www.gbmcablaggi.it\/it\/cookie-policy\/","title":{"rendered":"Cookie Policy"},"content":{"rendered":"<p>La presente Politica sui Cookies di Gbm Cablaggi\u00a0Italia descrive diversi tipi di cookies che possono venire impiegati per il sito di propriet\u00e0 della nostra azienda (di seguito denominato \u201c<b><strong>Sito<\/strong><\/b>\u201d), il quale \u00e8 soggetto al nostro controllo e dal quale state accedendo a questa Politica sui Cookies, che spiega come gestirli.<\/p>\n<p>Qualsiasi variazione alla presente Policy entrer\u00e0 in vigore contestualmente alla pubblicazione della medesima sul Sito o attraverso il medesimo.<\/p>\n<p>&nbsp;<\/p>\n<p><b><strong>CHE COS\u2019E\u2019 UN COOKIE?<\/strong><\/b><\/p>\n<p>I cookies sono piccoli file di testo salvati sul vostro computer o dispositivo mobile. Sono comunemente utilizzati per far funzionare i siti Internet o farli funzionare in maniera pi\u00f9 efficiente. Questo \u00e8 possibile perch\u00e9 i siti sono in grado di leggere e scrivere file di questo genere, abilitandoli a riconoscervi e a ricordare informazioni importanti che renderanno pi\u00f9 agevole la vostra consultazione (ad esempio, ricordando le vostre impostazioni preferite).<\/p>\n<p>&nbsp;<\/p>\n<p><b><strong>QUALI COOKIES IMPIEGHIAMO?<\/strong><\/b><\/p>\n<p>Segue un elenco dei diversi tipi di cookie che potrebbero venire impiegati per il Sito.<\/p>\n<p><b><strong>Cookies essenziali.\u00a0 <\/strong><\/b>I cookies definiti essenziali sono indispensabili al funzionamento del Sito e vi consentono di navigare e utilizzare servizi e opzioni. Senza di essi, il Sito non sarebbe in grado di funzionare bene quanto vorremmo e potrebbe non consentirci di rendervelo accessibile o di fornire determinati servizi o opzioni da voi richiesti.<\/p>\n<table width=\"450\">\n<tbody>\n<tr>\n<td width=\"72\"><b><strong>Tipo di c<\/strong><\/b><b><strong>ookie<\/strong><\/b><\/td>\n<td width=\"248\"><b><strong>Descrizione<\/strong><\/b><\/td>\n<td width=\"131\"><b><strong>Come gestire il cookie<\/strong><\/b><\/td>\n<\/tr>\n<tr>\n<td width=\"72\">Sessione<\/td>\n<td width=\"248\">I cookies di sessione vengono utilizzati per mantenere lo stato dell\u2019applicazione.<\/td>\n<td width=\"131\">Impostare il browser per accettarli o rifiutarli<\/td>\n<\/tr>\n<tr>\n<td width=\"72\">Bilanciamento del carico<\/td>\n<td width=\"248\">I cookies di questo tipo vengono usati per distribuire il traffico e alleggerire il carico del server.<\/td>\n<td width=\"131\">Impostare il browser per accettarli o rifiutarli<\/td>\n<\/tr>\n<tr>\n<td width=\"72\">Identificazione utente<\/td>\n<td width=\"248\">I cookies identificativi vengono impiegati per assicurare che gli utenti siano i soli a poter visualizzare le proprie informazioni personali.<\/td>\n<td width=\"131\">Impostare il browser per accettarli o rifiutarli<\/td>\n<\/tr>\n<tr>\n<td width=\"72\">Sicurezza<\/td>\n<td width=\"248\">I cookies di sicurezza vengono impiegati per controlli e verifiche a tutela della sicurezza dei dati.<\/td>\n<td width=\"131\">Impostare il browser per accettarli o rifiutarli<\/td>\n<\/tr>\n<\/tbody>\n<\/table>\n<p>&nbsp;<\/p>\n<p><b><strong>Cookies di impostazione preferenze. <\/strong><\/b>I cookies di questo tipo raccolgono informazioni sulle vostre scelte e preferenze e ci consentono di ricordare la lingua e altre impostazioni locali e di personalizzare il Sito di conseguenza.<\/p>\n<table width=\"450\">\n<tbody>\n<tr>\n<td width=\"72\"><b><strong>Tipo di c<\/strong><\/b><b><strong>ookie<\/strong><\/b><\/td>\n<td width=\"248\"><b><strong>Descrizione<\/strong><\/b><\/td>\n<td width=\"131\"><b><strong>Come gestire il cookie<\/strong><\/b><\/td>\n<\/tr>\n<tr>\n<td width=\"72\">Lingua<\/td>\n<td width=\"248\">I cookies di lingua servono a memorizzare la lingua selezionata dall\u2019utente e a mostrare le opzioni corrette.<\/td>\n<td width=\"131\">Impostare il browser per accettarli o rifiutarli<\/td>\n<\/tr>\n<tr>\n<td width=\"72\">Geo-localizzazione<\/td>\n<td width=\"248\">Memorizza l\u2019indirizzo approssimativo dell\u2019utente (citt\u00e0, stato, CAP) ottenuto in base all\u2019indirizzo IP, per poter selezionare in automatico il Paese giusto e mostrare fornitori e offerte commerciali in zona.<\/td>\n<td width=\"131\">Impostare il browser per accettarli o rifiutarli<\/td>\n<\/tr>\n<tr>\n<td width=\"72\">Dispositivo mobile<\/td>\n<td width=\"248\">Se l\u2019utente visualizza il Sito su un dispositivo mobile, il cookie rileva che \u00e8 stato selezionato il sito principale (e quindi che il dispositivo \u00e8 abilitato per Flash), anzich\u00e9 la versione non-Flash.<\/td>\n<td width=\"131\">Impostare il browser per accettarli o rifiutarli<\/td>\n<\/tr>\n<tr>\n<td width=\"72\">Sito di riferimento<\/td>\n<td width=\"248\">Viene registrato il sito di riferimento per meglio capire le preferenze dell\u2019utente.<\/td>\n<td width=\"131\">Impostare il browser per accettarli o rifiutarli<\/td>\n<\/tr>\n<tr>\n<td width=\"72\">Ultima visita e ultima attivit\u00e0<\/td>\n<td width=\"248\">Registra la data dell\u2019ultima visita, dell\u2019ultima attivit\u00e0 e altre informazioni per poter aggiornare gli utenti sulle variazioni successive all\u2019ultima visita e meglio comprendere le preferenze dell\u2019utente.<\/td>\n<td width=\"131\">Impostare il browser per accettarli o rifiutarli<\/td>\n<\/tr>\n<tr>\n<td width=\"72\">Visualizzazio-ne recente di video<\/td>\n<td width=\"248\">La data e il titolo di un video visualizzato di recente vengono registrati per poter comprendere meglio le preferenze dell\u2019utente.<\/td>\n<td width=\"131\">Impostare il browser per accettarli o rifiutarli<\/td>\n<\/tr>\n<tr>\n<td width=\"72\">Flash Cookies<\/td>\n<td width=\"248\">Si utilizzano flash cookies per abilitare l\u2019esecuzione di contenuti audio e video.<\/td>\n<td width=\"131\">Impostare il browser per accettarli o rifiutarli<\/td>\n<\/tr>\n<tr>\n<td width=\"72\">Storico pagine<\/td>\n<td width=\"248\">I cookies dello storico pagine servono a tenere traccia della sequenza delle pagine visitate dall\u2019utente. Se quest\u2019ultimo riceve un messaggio di errore mentre visita il Sito, l\u2019informazione viene salvata in un file di log contenente reportistiche di errori e risoluzioni.<\/td>\n<td width=\"131\">Impostare ilbrowser per accettarli o rifiutarli<\/td>\n<\/tr>\n<\/tbody>\n<\/table>\n<p>&nbsp;<\/p>\n<p><b><strong>Cookies di tracciabilit\u00e0 dei social plugin. <\/strong><\/b>Si tratta di cookies impiegati per risalire a iscritti (e non) ai social media a fini di analisi di mercato e sviluppo prodotto.<\/p>\n<table width=\"450\">\n<tbody>\n<tr>\n<td width=\"72\"><b><strong>Tipo di c<\/strong><\/b><b><strong>ookie<\/strong><\/b><\/td>\n<td width=\"248\"><b><strong>Descrizione<\/strong><\/b><\/td>\n<td width=\"131\"><b><strong>Come gestire il cookie<\/strong><\/b><\/td>\n<\/tr>\n<tr>\n<td width=\"72\">Facebook<\/td>\n<td width=\"248\">Cookies impiegati per rintracciare soggetti iscritti (o meno) a Facebook a fini di analisi di mercato e sviluppo prodotto.<\/td>\n<td width=\"131\">Impostare il browser per accettarli o rifiutarli<\/td>\n<\/tr>\n<tr>\n<td width=\"72\">Twitter<\/td>\n<td width=\"248\">Cookies impiegati per rintracciare soggetti iscritti (o meno) a Twitter a fini di analisi di mercato e sviluppo prodotto.<\/td>\n<td width=\"131\">Impostare il browser per accettarli o rifiutarli<\/td>\n<\/tr>\n<\/tbody>\n<\/table>\n<p><b><strong>\u00a0<\/strong><\/b><\/p>\n<p><b><strong>Cookies statistici. <\/strong><\/b>I cookies di analisi statistica raccolgono informazioni sull\u2019utilizzo che fate del Sito e ci consentono di migliorarne il funzionamento. Ad esempio, i cookies statistici ci dicono quali sono le pagine pi\u00f9 visitate del Sito, ci aiutano a registrare eventuali difficolt\u00e0 incontrate nella consultazione e ci aiutano a capire se la nostra pubblicit\u00e0 \u00e8 efficace o meno. Le informazioni cos\u00ec ottenute sono utili a comprendere le modalit\u00e0 d\u2019uso generali del Sito, anzich\u00e9 del singolo utente<\/p>\n<p>Questo sito Internet utilizza Google Analytics, un servizio di analisi statistiche sul web fornito da un\u2019azienda terza (Google).\u00a0Google installa i cookies descritti nella tabella qui in alto per aiutarci ad analizzare le modalit\u00e0 di utilizzo di questo Sito. Le informazioni generate dai cookies vengono trasmesse dal vostro browser a Google e memorizzate su server negli Stati Uniti e in altri Paesi. Google elaborer\u00e0 queste informazioni per noi allo scopo di valutare il vostro uso del presente Sito Internet, compilando report di attivit\u00e0 e fornendoci altri servizi in relazione all\u2019attivit\u00e0 sul Sito e in Internet. L\u2019indirizzo IP ottenuto tramite Google Analytics non verr\u00e0 associato a dati di altro genere in possesso di Google. Potete scegliere di disabilitare o bloccare i cookie di Google selezionando le relative impostazioni sul vostro browser. In tal modo, potreste tuttavia non essere in grado di fruire di tutte le funzionalit\u00e0 del Sito. Potete scaricare e installare l\u2019Add-on di esclusione per browser di Google Analytics disponibile a questo link: <a href=\"http:\/\/tools.google.com\/dlpage\/gaoptout\" data-cms-ai=\"0\">http:\/\/tools.google.com\/dlpage\/gaoptout<\/a>.<\/p>\n<p>&nbsp;<\/p>\n<table width=\"450\">\n<tbody>\n<tr>\n<td width=\"54\"><b><strong>Tipo di c<\/strong><\/b><b><strong>ookie<\/strong><\/b><\/td>\n<td width=\"266\"><b><strong>Descrizione<\/strong><\/b><\/td>\n<td width=\"131\"><b><strong>Come gestire il cookie<\/strong><\/b><\/td>\n<\/tr>\n<tr>\n<td width=\"54\">Google Analytics<\/td>\n<td width=\"266\">I cookies di Google Analytics raccolgono dati statistici in aggregato per migliorare la presentazione del Sito e la navigazione.\u00a0Google integra i dati aggregati con dati demografici e informazioni sugli interessi personali, in modo da poter meglio profilare i nostri visitatori.<\/td>\n<td width=\"131\"><a href=\"https:\/\/tools.google.com\/dlpage\/gaoptout\" data-cms-ai=\"0\">https:\/\/tools.google.com\/dlpage\/gaoptout<\/a><\/td>\n<\/tr>\n<tr>\n<td width=\"54\">Adobe Omniture<\/td>\n<td width=\"266\">I cookies statistici Adobe Omniture raccolgono dati statistici in aggregato per migliorare la presentazione del Sito e la navigazione.<\/td>\n<td width=\"131\">Impostare il browser per accettarli o rifiutarli<\/td>\n<\/tr>\n<\/tbody>\n<\/table>\n<p><b><strong>\u00a0<\/strong><\/b><\/p>\n<p><b><strong>Cookies a fini di marketing. <\/strong><\/b>\u00a0I cookies pubblicitari vengono impiegati a fini di marketing.<\/p>\n<table width=\"450\">\n<tbody>\n<tr>\n<td width=\"63\"><b><strong>Tipo di c<\/strong><\/b><b><strong>ookie<\/strong><\/b><\/td>\n<td width=\"257\"><b><strong>Descrizione<\/strong><\/b><\/td>\n<td width=\"131\"><b><strong>Come gestire il cookie<\/strong><\/b><\/td>\n<\/tr>\n<tr>\n<td width=\"63\">Pubblicit\u00e0<\/td>\n<td width=\"257\">Visualizzazione di contenuti pubblicitari personalizzati per profilo comportamentale e target<\/td>\n<td width=\"131\">Impostare il browser per accettarli o rifiutarli<\/td>\n<\/tr>\n<tr>\n<td width=\"63\">Analisi di mercato<\/td>\n<td width=\"257\">Esecuzione di analisi di mercato<\/td>\n<td width=\"131\">Impostare il browser per accettarli o rifiutarli<\/td>\n<\/tr>\n<tr>\n<td width=\"63\">Campagne \/promozioni<\/td>\n<td width=\"257\">Misurazione dell\u2019efficacia delle campagne<\/td>\n<td width=\"131\">Impostare il browser per accettarli o rifiutarli<\/td>\n<\/tr>\n<tr>\n<td width=\"63\">Rilevamento frodi<\/td>\n<td width=\"257\">Rilevamento frodi informatiche<\/td>\n<td width=\"131\">Impostare il browser per accettarli o rifiutarli<\/td>\n<\/tr>\n<\/tbody>\n<\/table>\n<p><b><strong>\u00a0<\/strong><\/b><\/p>\n<p><b><strong>\u00a0<\/strong><\/b><\/p>\n<p><b><strong>COME VENGONO USATI I COOKIES DI TERZI SUL NOSTRO SITO?<\/strong><\/b><\/p>\n<ul>\n<li>Pubblicit\u00e0<\/li>\n<li>Identit\u00e0 dell\u2019utente<\/li>\n<li>Come indicato nella tabella in alto<\/li>\n<li>I cookies possono essere proprietari o di terzi, ossia attivati da Gbm Cablaggi\u00a0o da suoi incaricati\u00a0e\/o da suoi affiliati, oppure da operatori di altri siti Internet. Il presente Sito impiega cookies sia proprietari che di terzi.<\/li>\n<li>Il Sito pu\u00f2 contenere link diretti verso siti Internet di terzi, collegandosi con i quali \u00e8 possibile che cookies di terzi vengano salvati sul vostro computer o altro dispositivo. Poich\u00e9 noi non gestiamo nessuno dei cookies terzi utilizzati per questi scopi, consigliamo di consultare il sito web dell\u2019operatore terzo per chiarire quali siano le prassi e i sistemi di controllo relativi prima di cliccare sul link presente su questo Sito.<\/li>\n<\/ul>\n<p><b><strong>\u00a0<\/strong><\/b><\/p>\n<p><b><strong>COME SI GESTISCONO I cookies?\u00a0<\/strong><\/b><\/p>\n<p>Oltre alle alternative sopraindicate, avete la possibilit\u00e0 di rifiutare, accettare o rimuovere i cookies dal Sito in qualsiasi momento attivando le impostazioni o accedendovi sul browser.\u00a0 Le informazioni sulle procedure da seguire per abilitare, disabilitare o rimuovere i cookies sono disponibili sul sito del provider del vostro Internet browser accessibile dal vostro help screen. Se desiderate, potete consultare questo link <a href=\"http:\/\/www.allaboutcookies.org\/manage-cookies\/index.html\" data-cms-ai=\"0\">http:\/\/www.allaboutcookies.org\/manage-cookies\/index.html<\/a> per informazioni sui pi\u00f9 comuni browser. Attenzione: La disabilitazione o rimozione dei cookies potrebbe compromettere il corretto uso di alcune funzionalit\u00e0 del Sito.<\/p>\n<p>Qualora decidiate di eliminare tutti i cookies scaricati dai siti gi\u00e0 visitati, ecco i link per scaricare tre programmi utili allo scopo:<\/p>\n<p><a href=\"http:\/\/www.lavasoftusa.com\/products\/ad-aware_se_personal.php\" data-cms-ai=\"0\">http:\/\/www.lavasoftusa.com\/products\/ad-aware_se_personal.php<\/a>,<a href=\"http:\/\/www.spybot.info\/en\/download\/index.html\" data-cms-ai=\"0\">http:\/\/www.spybot.info\/en\/download\/index.html<\/a>,<br \/>\n<a href=\"http:\/\/www.webroot.com\/consumer\/products\/spysweeper\/\" data-cms-ai=\"0\">http:\/\/www.webroot.com\/consumer\/products\/spysweeper\/<\/a>.<\/p>\n<p>&nbsp;<\/p>\n<p><b><strong>INDIRIZZI IP<\/strong><\/b><\/p>\n<p>Un indirizzo IP \u00e8 un numero univoco che identifica il computer o altro dispositivo di accesso a Internet. Tipicamente, un web server raccoglie in automatico gli indirizzi IP e se ne serve per amministrare il sito. Gli indirizzi IP vengono di solito utilizzati insieme ai cookies allo scopo di \u201cricordare\u201d computer e altri dispositivi impiegati per accedere a questo Sito. \u00a0Questo Sito utilizza gli indirizzi IP in abbinamento ai Cookies.<\/p>","protected":false},"excerpt":{"rendered":"<p>La presente Politica sui Cookies di Gbm Cablaggi\u00a0Italia descrive diversi tipi di cookies che possono venire impiegati per il sito di propriet\u00e0 della nostra azienda (di seguito denominato \u201cSito\u201d), il quale \u00e8 soggetto al nostro controllo e dal quale state accedendo a questa Politica sui Cookies, che spiega come gestirli. Qualsiasi variazione alla presente Policy&hellip;<\/p>\n","protected":false},"author":3,"featured_media":0,"parent":0,"menu_order":5,"comment_status":"closed","ping_status":"closed","template":"","meta":{"footnotes":""},"class_list":["post-20241","page","type-page","status-publish","hentry","description-off"],"aioseo_notices":[],"_links":{"self":[{"href":"https:\/\/www.gbmcablaggi.it\/it\/wp-json\/wp\/v2\/pages\/20241","targetHints":{"allow":["GET"]}}],"collection":[{"href":"https:\/\/www.gbmcablaggi.it\/it\/wp-json\/wp\/v2\/pages"}],"about":[{"href":"https:\/\/www.gbmcablaggi.it\/it\/wp-json\/wp\/v2\/types\/page"}],"author":[{"embeddable":true,"href":"https:\/\/www.gbmcablaggi.it\/it\/wp-json\/wp\/v2\/users\/3"}],"replies":[{"embeddable":true,"href":"https:\/\/www.gbmcablaggi.it\/it\/wp-json\/wp\/v2\/comments?post=20241"}],"version-history":[{"count":6,"href":"https:\/\/www.gbmcablaggi.it\/it\/wp-json\/wp\/v2\/pages\/20241\/revisions"}],"predecessor-version":[{"id":20247,"href":"https:\/\/www.gbmcablaggi.it\/it\/wp-json\/wp\/v2\/pages\/20241\/revisions\/20247"}],"wp:attachment":[{"href":"https:\/\/www.gbmcablaggi.it\/it\/wp-json\/wp\/v2\/media?parent=20241"}],"curies":[{"name":"wp","href":"https:\/\/api.w.org\/{rel}","templated":true}]}}