{"id":19843,"date":"2015-10-15T15:10:19","date_gmt":"2015-10-15T15:10:19","guid":{"rendered":"http:\/\/test.gbmcablaggi.it\/?page_id=19843"},"modified":"2025-04-08T07:39:51","modified_gmt":"2025-04-08T07:39:51","slug":"certificazioni-2","status":"publish","type":"page","link":"https:\/\/www.gbmcablaggi.it\/it\/certificazioni-2\/","title":{"rendered":"Certificazioni \/ Regolamenti"},"content":{"rendered":"<div class=\"wpb-content-wrapper\"><p>[vc_row full_width_row=&#8221;true&#8221; bg_type=&#8221;bg_color&#8221; bg_color_value=&#8221;#c31a1f&#8221; min_height=&#8221;0&#8243;][vc_column][vc_column_text css=&#8221;.vc_custom_1444922226539{padding-top: 1% !important;padding-bottom: 1% !important;}&#8221;]<\/p>\n<h1 style=\"text-align: center;\"><span style=\"color: #ffffff;\">CERTIFICAZIONI<\/span><\/h1>\n<p>[\/vc_column_text][\/vc_column][\/vc_row][vc_row bg_type=&#8221;bg_color&#8221; bg_override=&#8221;full&#8221; seperator_enable=&#8221;seperator_enable_value&#8221; seperator_type=&#8221;triangle_svg_seperator&#8221; seperator_shape_background=&#8221;#c31a1f&#8221; bg_color_value=&#8221;#eeeeee&#8221;][vc_column][vc_column_text]<br \/>\n[\/vc_column_text][vc_empty_space height=&#8221;60px&#8221;][vc_column_text css=&#8221;.vc_custom_1447840424896{padding-top: 4% !important;padding-bottom: 10% !important;}&#8221;]<\/p>\n<p style=\"text-align: justify;\">Allo scopo di tenere costantemente monitorato il sistema organizzativo dell\u2019azienda e offrire ai propri clienti prodotti certificati secondo i principali standard di sicurezza e qualit\u00e0, Gbm si \u00e8 impegnata per ottenere le pi\u00f9 importanti certificazioni riconosciute a livello internazionale per la propria produzione.<\/p>\n<p>[\/vc_column_text][vc_column_text]<br \/>\n[\/vc_column_text][\/vc_column][\/vc_row][vc_row bg_type=&#8221;bg_color&#8221; seperator_enable=&#8221;seperator_enable_value&#8221; seperator_type=&#8221;triangle_svg_seperator&#8221; seperator_shape_background=&#8221;#eeeeee&#8221; bg_color_value=&#8221;#ffffff&#8221;][vc_column width=&#8221;1\/2&#8243;][vc_empty_space height=&#8221;100px&#8221;][vc_column_text]<\/p>\n<h3><span style=\"color: #c31a1f;\">Qualit\u00e0<\/span><\/h3>\n<p>[\/vc_column_text][vc_column_text css=&#8221;.vc_custom_1740567963747{padding-top: 5% !important;padding-right: 5% !important;padding-bottom: 5% !important;}&#8221;]<\/p>\n<p style=\"text-align: justify;\"><ul class=\"standard-arrow list-divider bullet-top\"><li><p>CERTIFICAZIONE ISO 9001<\/p>\n<p style=\"text-align: justify;\">Gbm ha dato vita al proprio interno a un sistema organizzativo i cui requisiti rispettano pienamente quanto richiesto dalla norma ISO 9001.<\/p>\n<p style=\"text-align: justify;\"><em>Per scaricare il certificato ISO 9001 di Gbm, <a href=\"https:\/\/www.gbmcablaggi.it\/wp-content\/uploads\/2024\/08\/CSQ-IQNET-9001_2015.pdf\" target=\"_blank\" rel=\"noopener noreferrer\">clicca qui.<\/a><\/em><\/p>\n<p style=\"text-align: justify;\"><em>Per scaricare la politica della qualit\u00e0\u00a0di Gbm,\u00a0<a href=\"https:\/\/www.gbmcablaggi.it\/wp-content\/uploads\/2025\/02\/Politica-per-la-Qualita-Ambiente-e-Salute-e-Sicurezza-dei-Lavoratori_ITA.pdf\" target=\"_blank\" rel=\"noopener noreferrer\">clicca qui<\/a>.<\/em><\/p>\n<p style=\"text-align: justify;\">\n<\/li><\/ul><\/p>\n<p>[\/vc_column_text][vc_column_text]<br \/>\n[\/vc_column_text][\/vc_column][vc_column width=&#8221;1\/2&#8243;][vc_empty_space height=&#8221;100px&#8221;][vc_single_image image=&#8221;20878&#8243; img_size=&#8221;large&#8221; alignment=&#8221;center&#8221; css=&#8221;.vc_custom_1722877855299{padding-top: 5% !important;}&#8221;][vc_empty_space height=&#8221;100px&#8221;][vc_column_text]<br \/>\n[\/vc_column_text][\/vc_column][\/vc_row][vc_row bg_type=&#8221;bg_color&#8221; bg_color_value=&#8221;#ffffff&#8221;][vc_column width=&#8221;1\/2&#8243;][vc_column_text css=&#8221;.vc_custom_1447843945556{padding-top: 5% !important;padding-right: 5% !important;padding-bottom: 5% !important;}&#8221;]<\/p>\n<p style=\"text-align: justify;\"><ul class=\"standard-arrow list-divider bullet-top\"><li><p>CERTIFICAZIONE UL<\/p>\n<p style=\"text-align: justify;\">Per offrire maggiore sicurezza ai clienti che esportano nel mercato americano e canadese, Gbm ha recentemente ottenuto la certificazione UL. Tale riconoscimento garantisce al cliente l&#8217;impiego di materie prime certificate UL, facilitandolo\u00a0nell&#8217;omologazione del proprio prodotto.<\/p>\n<p style=\"text-align: justify;\"><em>Per scaricare il certificato UL di Gbm, <a href=\"http:\/\/gbmcablaggi.it\/wp-content\/uploads\/2015\/10\/Certificate-of-compliance.pdf\" target=\"_blank\" rel=\"noopener noreferrer\">clicca qui.<\/a><\/em><\/p>\n<p style=\"text-align: justify;\">\n<\/li><\/ul><\/p>\n<p>[\/vc_column_text][vc_column_text]<br \/>\n[\/vc_column_text][\/vc_column][vc_column width=&#8221;1\/2&#8243;][vc_single_image image=&#8221;20181&#8243; img_size=&#8221;large&#8221; alignment=&#8221;center&#8221; css=&#8221;.vc_custom_1447844259569{padding-top: 5% !important;}&#8221;][vc_empty_space height=&#8221;100px&#8221;][vc_column_text]<br \/>\n[\/vc_column_text][\/vc_column][\/vc_row][vc_row bg_type=&#8221;bg_color&#8221; bg_override=&#8221;full&#8221; seperator_enable=&#8221;seperator_enable_value&#8221; seperator_type=&#8221;triangle_svg_seperator&#8221; seperator_shape_background=&#8221;#ffffff&#8221; bg_color_value=&#8221;#eeeeee&#8221;][vc_column width=&#8221;1\/2&#8243;][vc_empty_space height=&#8221;100px&#8221;][vc_column_text]<\/p>\n<h3><span style=\"color: #c31a1f;\">Ambiente<\/span><\/h3>\n<p>[\/vc_column_text][vc_column_text css=&#8221;.vc_custom_1740567990059{padding-top: 5% !important;padding-right: 5% !important;padding-bottom: 5% !important;}&#8221;]<\/p>\n<p style=\"text-align: justify;\">Gbm \u00e8 da lungo tempo certificata secondo lo standard ISO 14001 (UNI EN ISO 14001). L\u2019azienda ha deciso di attuare e mantenere un sistema di gestione ambientale che le permette di operare secondo le regole e i requisiti contenuti nella norma, riuscendo non solo a tenere sotto controllo gli impatti ambientali delle proprie attivit\u00e0, ma anche a ricercarne sistematicamente il miglioramento.<\/p>\n<p style=\"text-align: justify;\"><em>Per scaricare il certificato ISO 14001 di Gbm, <a href=\"https:\/\/www.gbmcablaggi.it\/wp-content\/uploads\/2024\/08\/CSQ-IQNET-14001_2015.pdf\" target=\"_blank\" rel=\"noopener noreferrer\">clicca qui.<\/a><\/em><\/p>\n<p style=\"text-align: justify;\"><em>Per scaricare la politica ambientale di Gbm,\u00a0<a href=\"https:\/\/www.gbmcablaggi.it\/wp-content\/uploads\/2025\/02\/Politica-per-la-Qualita-Ambiente-e-Salute-e-Sicurezza-dei-Lavoratori_ITA.pdf\">clicca qui.<\/a><\/em><\/p>\n<p>[\/vc_column_text][vc_column_text]<br \/>\n[\/vc_column_text][\/vc_column][vc_column width=&#8221;1\/2&#8243;][vc_empty_space height=&#8221;100px&#8221;][vc_single_image image=&#8221;20879&#8243; img_size=&#8221;large&#8221; alignment=&#8221;center&#8221; css=&#8221;.vc_custom_1722877890950{padding-top: 5% !important;}&#8221;][vc_empty_space height=&#8221;50px&#8221;][vc_column_text]<br \/>\n[\/vc_column_text][\/vc_column][\/vc_row][vc_row bg_type=&#8221;bg_color&#8221; seperator_enable=&#8221;seperator_enable_value&#8221; seperator_type=&#8221;triangle_svg_seperator&#8221; seperator_shape_background=&#8221;#eeeeee&#8221; bg_color_value=&#8221;#ffffff&#8221;][vc_column width=&#8221;1\/2&#8243;][vc_empty_space height=&#8221;100px&#8221;][vc_column_text]<\/p>\n<h3><span style=\"color: #c31a1f;\">Sicurezza<\/span><\/h3>\n<p>[\/vc_column_text][vc_column_text css=&#8221;.vc_custom_1740568029156{padding-top: 5% !important;padding-right: 5% !important;padding-bottom: 5% !important;}&#8221;]<\/p>\n<p style=\"text-align: justify;\">Allo scopo di migliorare l\u2019ambiente di lavoro e tenere costantemente monitorato lo stato di sviluppo dello stesso, Gbm si impegna ad applicare e migliorare con continuit\u00e0 un Sistema di Gestione della Salute e Sicurezza sul lavoro.<\/p>\n<p style=\"text-align: justify;\"><em>Per scaricare il certificato ISO 45001 di Gbm <a href=\"https:\/\/www.gbmcablaggi.it\/wp-content\/uploads\/2025\/02\/Certificato_9192.GBM3_EN.pdf\" target=\"_blank\" rel=\"noopener noreferrer\">clicca qui.<\/a><\/em><\/p>\n<p style=\"text-align: justify;\"><em>Per consultare il documento di Politica per la Salute e Sicurezza sul Lavoro di Gbm, <a href=\"https:\/\/www.gbmcablaggi.it\/wp-content\/uploads\/2025\/02\/Politica-per-la-Qualita-Ambiente-e-Salute-e-Sicurezza-dei-Lavoratori_ITA.pdf\" target=\"_blank\" rel=\"noopener noreferrer\">clicca qui<\/a>.<\/em><\/p>\n<p>[\/vc_column_text][vc_column_text]<br \/>\n[\/vc_column_text][\/vc_column][vc_column width=&#8221;1\/2&#8243;][vc_empty_space height=&#8221;100px&#8221;][vc_single_image image=&#8221;20843&#8243; img_size=&#8221;384&#215;538&#8243; alignment=&#8221;center&#8221; css=&#8221;.vc_custom_1646747483375{padding-top: 5% !important;}&#8221;][vc_empty_space height=&#8221;50px&#8221;][vc_column_text]<br \/>\n[\/vc_column_text][\/vc_column][\/vc_row][vc_row bg_type=&#8221;bg_color&#8221; seperator_enable=&#8221;seperator_enable_value&#8221; seperator_type=&#8221;triangle_svg_seperator&#8221; seperator_shape_background=&#8221;#eeeeee&#8221; bg_color_value=&#8221;#ffffff&#8221;][vc_column width=&#8221;1\/2&#8243;][vc_empty_space height=&#8221;100px&#8221;][vc_column_text css=&#8221;&#8221;]<\/p>\n<h3><span style=\"color: #c31a1f;\">Sostenibilit\u00e0<\/span><\/h3>\n<p>[\/vc_column_text][vc_column_text css=&#8221;.vc_custom_1744097854595{padding-top: 5% !important;padding-right: 5% !important;padding-bottom: 5% !important;}&#8221;]Gbm per gestire, la propria capacit\u00e0 di soddisfare i bisogni del presente senza compromettere la capacit\u00e0 delle future generazioni di soddisfare le proprie, ha fissato i punti di riferimento nella Politica di Sostenibilit\u00e0 aziendale.<\/p>\n<p>Per misurare e migliorare la propria sostenibilit\u00e0 si \u00e8 iscritta al portale EcoVadis Ratings, il quale esamina le seguenti aree aziendali:<\/p>\n<ul>\n<li>Ambiente<\/li>\n<li>Lavoro e Diritti Umani<\/li>\n<li>Etica<\/li>\n<li>Approvvigionamento Sostenibile<\/li>\n<\/ul>\n<p>e rilascia una valutazione della performance aziendale.<br \/>\nPer l\u2019anno 2025 Gbm \u00e8 risultata \u201cMedaglia di Bronzo\u201d e si colloca nella top 35% di tutte le aziende valutate da EcoVadis.<\/p>\n<p style=\"text-align: justify;\"><em>Per scaricare la Politica di Sostenibilit\u00e0 di Gbm, <a href=\"https:\/\/www.gbmcablaggi.it\/wp-content\/uploads\/2025\/04\/Politica-per-la-Sostenibilita_ITA.pdf\">clicca qui<\/a>.<\/em><\/p>\n<p><em>Per scaricare la valutazione EcoVadis di Gbm, <a href=\"https:\/\/www.gbmcablaggi.it\/wp-content\/uploads\/2025\/02\/Ecovadis.pdf\">clicca qui<\/a>.<\/em>[\/vc_column_text][vc_column_text]<br \/>\n[\/vc_column_text][\/vc_column][vc_column width=&#8221;1\/2&#8243;][vc_empty_space height=&#8221;100px&#8221;][vc_single_image image=&#8221;20915&#8243; img_size=&#8221;384&#215;538&#8243; alignment=&#8221;center&#8221; css=&#8221;.vc_custom_1740568256795{padding-top: 5% !important;}&#8221;][vc_empty_space height=&#8221;50px&#8221;][vc_column_text]<br \/>\n[\/vc_column_text][\/vc_column][\/vc_row][vc_row][vc_column][vc_column_text]<\/p>\n<p>[\/vc_column_text][\/vc_column][\/vc_row][vc_row full_width=&#8221;true&#8221; bg_type=&#8221;bg_color&#8221; bg_color_value=&#8221;#c31a1f&#8221;][vc_column][vc_column_text css=&#8221;.vc_custom_1448981845387{padding-top: 1% !important;padding-bottom: 1% !important;}&#8221;]<\/p>\n<h1 style=\"text-align: center;\"><span style=\"color: #ffffff;\">AMBIENTE<\/span><\/h1>\n<p>[\/vc_column_text][\/vc_column][\/vc_row][vc_row][vc_column][vc_column_text]<\/p>\n<p>[\/vc_column_text][\/vc_column][\/vc_row][vc_row bg_type=&#8221;bg_color&#8221; bg_override=&#8221;full&#8221; seperator_enable=&#8221;seperator_enable_value&#8221; seperator_type=&#8221;triangle_svg_seperator&#8221; seperator_shape_background=&#8221;#c31a1f&#8221; bg_color_value=&#8221;#eeeeee&#8221;][vc_column][vc_column_text]<br \/>\n[\/vc_column_text][vc_empty_space height=&#8221;60px&#8221;][vc_column_text css=&#8221;.vc_custom_1448983251992{padding-top: 4% !important;padding-bottom: 10% !important;}&#8221;]<\/p>\n<p class=\"p1\" style=\"text-align: justify;\"><span class=\"s1\">Tutti i nostri prodotti rispondono alle Direttive Europee pi\u00f9 importanti (REACH e RoHS) e tutti i ns. fornitori ci garantiscono un monitoraggio continuo della SVHC list al fine di verificare l&#8217;eventuale presenza di sostanze che seppure permesse devono essere dichiarate. <\/span><\/p>\n<p>[\/vc_column_text][vc_column_text]<br \/>\n[\/vc_column_text][\/vc_column][\/vc_row][vc_row bg_type=&#8221;bg_color&#8221; seperator_enable=&#8221;seperator_enable_value&#8221; seperator_type=&#8221;triangle_svg_seperator&#8221; seperator_shape_background=&#8221;#eeeeee&#8221; bg_color_value=&#8221;#ffffff&#8221;][vc_column width=&#8221;1\/2&#8243; offset=&#8221;vc_hidden-md vc_hidden-sm vc_hidden-xs&#8221;][vc_empty_space height=&#8221;100px&#8221;][vc_column_text]<\/p>\n<h3><span style=\"color: #c31a1f;\">Restriction of Hazardous Substances, RoHS o Direttiva 2002\/95\/CE<\/span><\/h3>\n<p>[\/vc_column_text][vc_column_text css=&#8221;.vc_custom_1646748154803{padding-top: 5% !important;padding-right: 5% !important;padding-bottom: 5% !important;}&#8221;]<\/p>\n<p class=\"p1\" style=\"text-align: justify;\"><span class=\"s1\">Nel 2003, l&#8217;Unione Europea (UE) ha emanato la direttiva\u00a0\u201cRestrizione dell&#8217;uso di sostanze pericolose\u201d (Restriction\u00a0of\u00a0Hazardous\u00a0Substances, RoHS o Direttiva 2002\/95\/CE) .<\/span><\/p>\n<p class=\"p1\" style=\"text-align: justify;\"><span class=\"s1\">L&#8217;UE ha messo a punto questa nuova direttiva per proteggere l&#8217;ambiente e la salute delle persone che lavorano solitamente con apparecchiature elettriche ed elettroniche (EEE).<\/span><\/p>\n<p class=\"p1\" style=\"text-align: justify;\"><span class=\"s1\">Questa normativa mira a eliminare la concentrazione di determinate sostanze dalle apparecchiature elettriche ed elettroniche che rientrano all&#8217;interno dell&#8217;ambito di applicazione della direttiva. Pertanto, gli stati membri della UE devono garantire che, a partire dal 1 luglio 2006, le nuove apparecchiature elettriche ed elettroniche immesse sul mercato non contengano nessuna delle sostanze proibite.<\/span><\/p>\n<p>[\/vc_column_text][vc_empty_space height=&#8221;100px&#8221;][\/vc_column][vc_column width=&#8221;1\/2&#8243; offset=&#8221;vc_hidden-md vc_hidden-sm vc_hidden-xs&#8221;][vc_empty_space height=&#8221;100px&#8221;][vc_single_image image=&#8221;20205&#8243; img_size=&#8221;full&#8221; alignment=&#8221;center&#8221; css=&#8221;.vc_custom_1448983467170{padding-top: 5% !important;}&#8221;][vc_empty_space height=&#8221;100px&#8221;][vc_column_text]<br \/>\n[\/vc_column_text][\/vc_column][\/vc_row][vc_row bg_type=&#8221;bg_color&#8221; seperator_enable=&#8221;seperator_enable_value&#8221; seperator_type=&#8221;triangle_svg_seperator&#8221; seperator_shape_background=&#8221;#eeeeee&#8221; bg_color_value=&#8221;#ffffff&#8221;][vc_column offset=&#8221;vc_hidden-lg&#8221;][vc_empty_space height=&#8221;100px&#8221;][vc_column_text]<\/p>\n<h3><span style=\"color: #c31a1f;\">Restriction of Hazardous Substances, RoHS o Direttiva 2002\/95\/CE<\/span><\/h3>\n<p>[\/vc_column_text][vc_column_text css=&#8221;.vc_custom_1448983259720{padding-top: 5% !important;padding-right: 5% !important;padding-bottom: 5% !important;}&#8221;]<\/p>\n<p class=\"p1\" style=\"text-align: justify;\"><span class=\"s1\">Nel 2003, l&#8217;Unione Europea (UE) ha emanato la direttiva\u00a0\u201cRestrizione dell&#8217;uso di sostanze pericolose\u201d (Restriction\u00a0of\u00a0Hazardous\u00a0Substances, RoHS o Direttiva 2002\/95\/CE) .<\/span><\/p>\n<p class=\"p1\" style=\"text-align: justify;\"><span class=\"s1\">L&#8217;UE ha messo a punto questa nuova direttiva per proteggere l&#8217;ambiente e la salute delle persone che lavorano solitamente con apparecchiature elettriche ed elettroniche (EEE).<\/span><\/p>\n<p class=\"p1\" style=\"text-align: justify;\"><span class=\"s1\">Questa normativa mira a eliminare la concentrazione di determinate sostanze dalle apparecchiature elettriche ed elettroniche che rientrano all&#8217;interno dell&#8217;ambito di applicazione della direttiva. Pertanto, gli stati membri della UE devono garantire che, a partire dal\u00a01 luglio 2006, le nuove apparecchiature elettriche ed elettroniche immesse sul mercato non contengano nessuna delle sei sostanze proibite riportate di seguito:<\/span><\/p>\n<p>[\/vc_column_text]<div class=\"standard-arrow list-divider bullet-top\"><ul>\n<li>\n<p class=\"p1\"><span class=\"s1\">piombo (Pb) e suoi composti<\/span><\/p>\n<\/li>\n<li>\n<p class=\"p1\"><span class=\"s1\">mercurio (Hg)<\/span><\/p>\n<\/li>\n<li>\n<p class=\"p1\"><span class=\"s1\">cadmio VI (Cd-VI) e suoi composti<\/span><\/p>\n<\/li>\n<li>\n<p class=\"p1\"><span class=\"s1\">cromo esavalente e suoi composti<\/span><\/p>\n<\/li>\n<li>\n<p class=\"p1\"><span class=\"s1\">bifenili polibromurati (PBB)<\/span><\/p>\n<\/li>\n<li>\n<p class=\"p1\"><span class=\"s1\">polibromodifenileteri (PBDE)<\/span><\/p>\n<\/li>\n<li>\n<p class=\"p1\"><span class=\"s1\">penta, otta e deca- BDE (Bromdiphenylether)<\/span><\/p>\n<\/li>\n<\/ul>\n<\/div>[\/vc_column][\/vc_row][vc_row bg_type=&#8221;bg_color&#8221; bg_color_value=&#8221;#ffffff&#8221;][vc_column offset=&#8221;vc_hidden-lg&#8221;][vc_single_image image=&#8221;20205&#8243; img_size=&#8221;full&#8221; alignment=&#8221;center&#8221; css=&#8221;.vc_custom_1448983467170{padding-top: 5% !important;}&#8221;][vc_empty_space height=&#8221;100px&#8221;][vc_column_text]<br \/>\n[\/vc_column_text][\/vc_column][\/vc_row][vc_row bg_type=&#8221;bg_color&#8221; bg_override=&#8221;full&#8221; seperator_enable=&#8221;seperator_enable_value&#8221; seperator_type=&#8221;triangle_svg_seperator&#8221; seperator_shape_background=&#8221;#ffffff&#8221; bg_color_value=&#8221;#eeeeee&#8221; css=&#8221;.vc_custom_1573653694916{margin-bottom: -50px !important;}&#8221;][vc_column][vc_empty_space height=&#8221;100px&#8221;][vc_column_text]<\/p>\n<h3><span style=\"color: #c31a1f;\">REACH ed SVHC LIST<\/span><\/h3>\n<p>[\/vc_column_text][vc_column_text css=&#8221;.vc_custom_1646747959808{padding-top: 5% !important;padding-right: 5% !important;padding-bottom: 2% !important;}&#8221;]<\/p>\n<p class=\"p1\" style=\"text-align: justify;\"><span class=\"s1\">REACH \u00e8 l\u2019acronimo di Registrazione, Valutazione, Autorizzazione e Restrizione\u00a0delle sostanze chimiche. Il Regolamento REACH \u00e8 entrato in vigore il 1\u00b0 giugno 2007 e ha l\u2019obiettivo di razionalizzare e migliorare il precedente quadro legislativo in materia di sostanze chimiche dell&#8217;Unione europea (UE) e lo fa avvalendosi della \u201cSVHC list\u201d come strumento principale.<\/span><\/p>\n<p style=\"text-align: justify;\">Il REACH istituisce inoltre l&#8217;Agenzia europea per le sostanze chimiche (ECHA) che svolge un ruolo centrale di coordinamento e di attuazione nell&#8217;intero processo. L&#8217; ECHA ha sede a Helsinki (Finlandia) e ha il compito di gestire i processi di registrazione, valutazione, autorizzazione e restrizione delle sostanze chimiche, al fine di garantirne la coerenza in tutta l&#8217;Unione europea.<\/p>\n<p style=\"text-align: justify;\">La continua e rapida evoluzione del REACH (regolamento europeo concernente la registrazione, la valutazione, l&#8217;autorizzazione e la restrizione delle sostanze chimiche) prevede l&#8217;aggiornamento periodico della Candidate List nella quale sono elencate le sostanze estremamente preoccupanti ( SVHC substances ).<\/p>\n<p>[\/vc_column_text][vc_column_text css=&#8221;.vc_custom_1448983363733{padding-top: 2% !important;padding-right: 5% !important;padding-bottom: 5% !important;}&#8221;]<\/p>\n<p class=\"p1\" style=\"text-align: justify;\"><span class=\"s1\">Quindi \u00e8 importante, quando si consulta una\u00a0Scheda Dati di Sicurezza (MSDS)\u00a0di un prodotto, sapere che esiste questo elenco, e avere la possibilit\u00e0 dunque di verificare se queste sostanze &#8220;estremamente preoccupanti&#8221; sono presenti.<br \/>\n<\/span><\/p>\n<p>[\/vc_column_text][vc_empty_space height=&#8221;100px&#8221;][\/vc_column][\/vc_row][vc_row bg_type=&#8221;bg_color&#8221; seperator_enable=&#8221;seperator_enable_value&#8221; seperator_type=&#8221;triangle_svg_seperator&#8221; seperator_shape_background=&#8221;#eeeeee&#8221; bg_color_value=&#8221;#ffffff&#8221;][vc_column width=&#8221;1\/2&#8243;][vc_empty_space height=&#8221;100px&#8221;][vc_column_text]<\/p>\n<h3><span style=\"color: #c31a1f;\">CODICE ETICO<\/span><\/h3>\n<p>[\/vc_column_text][vc_column_text css=&#8221;.vc_custom_1718027511943{padding-top: 5% !important;padding-right: 5% !important;padding-bottom: 5% !important;}&#8221;]Gbm, attribuisce la massima importanza al rispetto dell\u2019etica nel corso dello svolgimento delle proprie attivit\u00e0 di business, pertanto ha provveduto a redigere un proprio Modello Organizzativo (Ex D. Lgs. 231\/2001) al fine di regolamentarla, garantendone la massima trasparenza e legalit\u00e0.<\/p>\n<p>&nbsp;<\/p>\n<p><em>Per scaricare il Codice Etico di Gbm, <a href=\"https:\/\/www.gbmcablaggi.it\/wp-content\/uploads\/2024\/03\/Modello-Organizzativo_rev_02.pdf\" target=\"_blank\" rel=\"noopener\">clicca qui<\/a>.<\/em>[\/vc_column_text][vc_empty_space height=&#8221;100px&#8221;][vc_column_text]<br \/>\n[\/vc_column_text][\/vc_column][vc_column width=&#8221;1\/2&#8243;][vc_empty_space height=&#8221;100px&#8221;][vc_single_image image=&#8221;19926&#8243; img_size=&#8221;full&#8221; alignment=&#8221;center&#8221; css=&#8221;.vc_custom_1551363394182{padding-top: 5% !important;}&#8221;][vc_empty_space height=&#8221;100px&#8221;][\/vc_column][\/vc_row]<\/p>\n<\/div>","protected":false},"excerpt":{"rendered":"<p>[vc_row full_width_row=&#8221;true&#8221; bg_type=&#8221;bg_color&#8221; bg_color_value=&#8221;#c31a1f&#8221; min_height=&#8221;0&#8243;][vc_column][vc_column_text css=&#8221;.vc_custom_1444922226539{padding-top: 1% !important;padding-bottom: 1% !important;}&#8221;] CERTIFICAZIONI [\/vc_column_text][\/vc_column][\/vc_row][vc_row bg_type=&#8221;bg_color&#8221; bg_override=&#8221;full&#8221; seperator_enable=&#8221;seperator_enable_value&#8221; seperator_type=&#8221;triangle_svg_seperator&#8221; seperator_shape_background=&#8221;#c31a1f&#8221; bg_color_value=&#8221;#eeeeee&#8221;][vc_column][vc_column_text] [\/vc_column_text][vc_empty_space height=&#8221;60px&#8221;][vc_column_text css=&#8221;.vc_custom_1447840424896{padding-top: 4% !important;padding-bottom: 10% !important;}&#8221;] Allo scopo di tenere costantemente monitorato il sistema organizzativo dell\u2019azienda e offrire ai propri clienti prodotti certificati secondo i principali standard di sicurezza e qualit\u00e0, Gbm si \u00e8 impegnata per&hellip;<\/p>\n","protected":false},"author":3,"featured_media":0,"parent":0,"menu_order":5,"comment_status":"closed","ping_status":"closed","template":"","meta":{"footnotes":""},"class_list":["post-19843","page","type-page","status-publish","hentry","description-off"],"aioseo_notices":[],"_links":{"self":[{"href":"https:\/\/www.gbmcablaggi.it\/it\/wp-json\/wp\/v2\/pages\/19843","targetHints":{"allow":["GET"]}}],"collection":[{"href":"https:\/\/www.gbmcablaggi.it\/it\/wp-json\/wp\/v2\/pages"}],"about":[{"href":"https:\/\/www.gbmcablaggi.it\/it\/wp-json\/wp\/v2\/types\/page"}],"author":[{"embeddable":true,"href":"https:\/\/www.gbmcablaggi.it\/it\/wp-json\/wp\/v2\/users\/3"}],"replies":[{"embeddable":true,"href":"https:\/\/www.gbmcablaggi.it\/it\/wp-json\/wp\/v2\/comments?post=19843"}],"version-history":[{"count":142,"href":"https:\/\/www.gbmcablaggi.it\/it\/wp-json\/wp\/v2\/pages\/19843\/revisions"}],"predecessor-version":[{"id":20924,"href":"https:\/\/www.gbmcablaggi.it\/it\/wp-json\/wp\/v2\/pages\/19843\/revisions\/20924"}],"wp:attachment":[{"href":"https:\/\/www.gbmcablaggi.it\/it\/wp-json\/wp\/v2\/media?parent=19843"}],"curies":[{"name":"wp","href":"https:\/\/api.w.org\/{rel}","templated":true}]}}